{"id":704,"date":"2015-01-07T20:50:50","date_gmt":"2015-01-07T19:50:50","guid":{"rendered":"http:\/\/www.nardopavimenti.it\/wordpress\/?page_id=704"},"modified":"2015-01-08T10:52:01","modified_gmt":"2015-01-08T09:52:01","slug":"domande-frequenti","status":"publish","type":"page","link":"https:\/\/www.nardopavimenti.it\/wordpress\/domande-frequenti\/","title":{"rendered":"domande frequenti"},"content":{"rendered":"<p>[et_pb_section fullwidth=&#8221;off&#8221; specialty=&#8221;off&#8221; transparent_background=&#8221;off&#8221; background_color=&#8221;#504837&#8243; inner_shadow=&#8221;off&#8221; parallax=&#8221;off&#8221; parallax_method=&#8221;off&#8221; module_id=&#8221;ukpt_slider&#8221;][et_pb_row][et_pb_column type=&#8221;4_4&#8243;][et_pb_image admin_label=&#8221;Image&#8221; show_in_lightbox=&#8221;off&#8221; url_new_window=&#8221;off&#8221; animation=&#8221;off&#8221; sticky=&#8221;on&#8221; src=&#8221;https:\/\/www.nardopavimenti.it\/wordpress\/wp-content\/uploads\/2014\/11\/NardoFasciaSup.jpg&#8221; \/][\/et_pb_column][\/et_pb_row][\/et_pb_section][et_pb_section fullwidth=&#8221;on&#8221; specialty=&#8221;off&#8221;][et_pb_fullwidth_menu admin_label=&#8221;Fullwidth Menu&#8221; menu_id=&#8221;2&#8243; background_color=&#8221;#858074&#8243; background_layout=&#8221;light&#8221; text_orientation=&#8221;center&#8221; module_id=&#8221;medio&#8221; \/][\/et_pb_section][et_pb_section fullwidth=&#8221;off&#8221; specialty=&#8221;off&#8221; transparent_background=&#8221;off&#8221; background_color=&#8221;#504837&#8243; inner_shadow=&#8221;off&#8221; parallax=&#8221;off&#8221; parallax_method=&#8221;off&#8221; module_id=&#8221;titolo&#8221;][et_pb_row][et_pb_column type=&#8221;4_4&#8243;][et_pb_text admin_label=&#8221;Text&#8221; background_layout=&#8221;dark&#8221; text_orientation=&#8221;left&#8221; module_id=&#8221;titolo&#8221;]<\/p>\n<h1>\u00a0<em><span style=\"color: #b48c6f;\"><strong>domande frequenti<\/strong><\/span><\/em><\/h1>\n<p>[\/et_pb_text][\/et_pb_column][\/et_pb_row][\/et_pb_section][et_pb_section fullwidth=&#8221;off&#8221; specialty=&#8221;off&#8221; transparent_background=&#8221;off&#8221; background_color=&#8221;#504837&#8243; inner_shadow=&#8221;off&#8221; parallax=&#8221;off&#8221; parallax_method=&#8221;off&#8221;][et_pb_row][et_pb_column type=&#8221;4_4&#8243;][et_pb_image admin_label=&#8221;Image&#8221; src=&#8221;https:\/\/www.nardopavimenti.it\/wordpress\/wp-content\/uploads\/2015\/01\/14_sezioni.jpg&#8221; show_in_lightbox=&#8221;off&#8221; url_new_window=&#8221;off&#8221; animation=&#8221;off&#8221; sticky=&#8221;on&#8221; \/][\/et_pb_column][\/et_pb_row][\/et_pb_section][et_pb_section fullwidth=&#8221;off&#8221; specialty=&#8221;off&#8221; transparent_background=&#8221;off&#8221; background_color=&#8221;#504837&#8243; inner_shadow=&#8221;off&#8221; parallax=&#8221;off&#8221; parallax_method=&#8221;off&#8221;][et_pb_row][et_pb_column type=&#8221;4_4&#8243;][et_pb_text admin_label=&#8221;Text&#8221; background_layout=&#8221;light&#8221; text_orientation=&#8221;left&#8221;]<\/p>\n<table border=\"5\" width=\"1071\" cellspacing=\"0\" cellpadding=\"10\" align=\"left\" bgcolor=\"#555555\">\n<tbody>\n<tr>\n<td class=\"testoBold\" valign=\"top\" bgcolor=\"#5B4A2C\" width=\"197\"><em><span style=\"color: #ffffff;\"><strong>Interpellando diverse ditte si riscontrano prezzi diversi, con differenze a volte consistenti. Come mai?<\/strong><\/span><\/em><\/td>\n<td class=\"testo\" valign=\"top\" bgcolor=\"#5F4F36\" width=\"832\"><span style=\"color: #ffffff;\">Innanzitutto bisogna accertarsi che i prodotti confrontati siano completi di tutte le lavorazioni, dal massetto di sottofondo al trattamento a cera. Le regole per la costruzione del terrazzo sono descritte in modo chiaro e semplice nel\u00a0<strong>Manuale di Garanzia e Qualit\u00e0 del Consorzio del Terrazzo alla Veneziana<\/strong>, regole alle quali noi ci atteniamo scrupolosamente come abbiamo cercato di illustrare nelle pagine di questa presentazione.\u00a0<strong>Tecniche approssimative<\/strong>, operazioni sbrigative unitamente all\u2019impiego di materiali non appropriati e di bassa qualit\u00e0 vengono tuttavia impiegati per presentare sul mercato un prodotto a basso costo che poco o nulla ha a che vedere con il vero terrazzo \u201calla veneziana\u201d.<\/span><br \/>\n<span style=\"color: #ffffff;\">Qualit\u00e0 e prezzo sono fattori direttamente proporzionali: non pu\u00f2 esistere un terrazzo di qualit\u00e0 elevata a basso prezzo, e viceversa!<\/span><\/td>\n<\/tr>\n<tr>\n<td class=\"testoBold\" valign=\"top\" bgcolor=\"#5B4A2C\"><em><span style=\"color: #ffffff;\"><strong>Si vedono spesso pavimenti in terrazzo con crepe pi\u00f9 o meno vistose.<\/strong><\/span><\/em><br \/>\n<em> <span style=\"color: #ffffff;\"><strong>Come mai?<\/strong><\/span><\/em><br \/>\n<em> <span style=\"color: #ffffff;\"><strong>Si possono evitare?<\/strong><\/span><\/em><\/td>\n<td class=\"testo\" valign=\"top\" bgcolor=\"#5F4F36\"><span style=\"color: #ffffff;\">Una\u00a0<strong>lavorazione accurata<\/strong>, svolta nei tempi, nei modi e con i materiali appropriati dovrebbe scongiurare il pericolo di spaccature della superficie. \u00c8 di fondamentale importanza individuare il posizionamento dei\u00a0<strong>giunti di dilatazione e di separazione<\/strong>\u00a0delle campiture al fine di interrompere le tensioni presenti nel corpo del terrazzo.<\/span><br \/>\n<span style=\"color: #ffffff;\"><strong>Crepe sottili<\/strong>\u00a0definibili come \u201ccavilli da ritiro\u201d appena percettibili alla vista possono essere accettate come imperfezione di un prodotto artigianale costruito in loco;\u00a0<strong>spaccature estese ed evidenti<\/strong>, se non causate da accertati cedimenti strutturali, sono sempre ascrivibili ad errori nel procedimento di lavoro e di certo non accettabili come caratteristica del prodotto. L\u2019impiego di\u00a0<strong>tecniche sbrigative<\/strong>\u00a0e di\u00a0<strong>materiali a basso costo<\/strong>\u00a0sono la causa principale di tali inconvenienti.<\/span><br \/>\n<span style=\"color: #ffffff;\">Nel caso delle micro-fessurazioni (cavilli da ritiro) \u00e8 possibile intervenire con un buon risultato estetico mediante la\u00a0<strong>sigillatura con resina<\/strong>; nei casi pi\u00f9 gravi \u00e8 preferibile la\u00a0<strong>demolizione<\/strong>\u00a0ed il\u00a0<strong>rifacimento<\/strong>\u00a0del terrazzo intero.<\/span><\/td>\n<\/tr>\n<tr>\n<td class=\"testoBold\" valign=\"top\" bgcolor=\"#5B4A2C\"><em><span style=\"color: #ffffff;\"><strong>Che differenza esiste fra un terrazzo a legante cementizio e uno in resina?<\/strong><\/span><\/em><\/td>\n<td class=\"testo\" valign=\"top\" bgcolor=\"#5F4F36\"><span style=\"color: #ffffff;\">Il terrazzo in cemento (o a legante misto calce\/cemento) viene eseguito con tecnica tradizionale. Tutto quanto illustrato in questa presentazione \u2014 fasi di lavorazione, materiali, tempi di posa e stagionatura \u2014 fa parte della secolare tradizione di questo tipo di pavimentazione.<\/span><br \/>\n<span style=\"color: #ffffff;\">Il tentativo di riprodurre con materiali sintetici l\u2019originale terrazzo \u201calla veneziana\u201d ha creato una copia artificiale, una sorta di simil-terrazzo che di certo non migliora l\u2019originale n\u00e9 da un punto di vista estetico, n\u00e9 da quello qualitativo, n\u00e9 tantomeno da quello economico. Non avendo dati certi a disposizione non possiamo pronunciarci sulla questione della eco-sostenibilit\u00e0 di un prodotto a base di resina epossidica o poliestere sul quale dobbiamo svolgere le attivit\u00e0 della vita quotidiana.<\/span><\/td>\n<\/tr>\n<tr>\n<td class=\"testoBold\" valign=\"top\" bgcolor=\"#5B4A2C\"><em><span style=\"color: #ffffff;\"><strong>Quanto tempo s&#8217;impiega per<\/strong><\/span><\/em><br \/>\n<em> <span style=\"color: #ffffff;\"><strong>la costruzione di un terrazzo?<\/strong><\/span><\/em><\/td>\n<td class=\"testo\" valign=\"top\" bgcolor=\"#5F4F36\"><span style=\"color: #ffffff;\">Il lavoro viene eseguito in fasi successive (sottofondo, seminato, levigatura grezza, lucidatura, trattamento finale) in un arco di tempo stimato di 6\/8 settimane.<\/span><br \/>\n<span style=\"color: #ffffff;\">Relativamente alle ultime due fasi \u2014 lucidatura, trattamento finale \u2014 \u00e8 possibile concordare una tempistica diversa adatta allo stato di avanzamento del cantiere.<\/span><\/td>\n<\/tr>\n<tr>\n<td class=\"testoBold\" valign=\"top\" bgcolor=\"#5B4A2C\"><em><span style=\"color: #ffffff;\"><strong>Di quale manutenzione necessita il terrazzo?<\/strong><\/span><\/em><\/td>\n<td class=\"testo\" valign=\"top\" bgcolor=\"#5F4F36\"><span style=\"color: #ffffff;\">Il terrazzo viene consegnato con un trattamento a base di cera naturale in pasta che, oltre a ravvivare i colori e a rendere la superficie brillante, costituisce una buona protezione oleo-idro repellente.<\/span><br \/>\n<span style=\"color: #ffffff;\">Si consiglia di ripetere il trattamento protettivo con delle semplici operazioni da ripetere almeno quattro volte l\u2019anno, ovvero:<\/span><br \/>\n<span style=\"color: #ffffff;\">\u00b7 lavaggio con acqua e detersivo neutro;<\/span><br \/>\n<span style=\"color: #ffffff;\">\u00b7 ceratura con cera liquida a base acqua;<\/span><br \/>\n<span style=\"color: #ffffff;\">\u00b7 lucidatura con lucidatrice.<\/span><br \/>\n<span style=\"color: #ffffff;\">L\u2019operazione pu\u00f2 essere svolta solo sulle zone di maggiore calpestio.<\/span><\/td>\n<\/tr>\n<tr>\n<td class=\"testoBold\" valign=\"top\" bgcolor=\"#5B4A2C\"><em><strong><span style=\"color: #ffffff;\">Quali sono le sostanze che possono rovinare o macchiare il terrazzo?<\/span><\/strong><\/em><\/td>\n<td class=\"testo\" valign=\"top\" bgcolor=\"#5F4F36\"><span style=\"color: #ffffff;\">Certamente le sostanze acide; lavare spesso il terrazzo con un detersivo inappropriato pu\u00f2 rovinare il terrazzo al punto di rendersi necessaria una rilucidatura completa. Si eviti, pertanto, di usare detersivi a base acida (cloro), ammoniaca, candeggina, decalcificanti (alcol va bene). Si usi preferibilmente un detersivo neutro per pavimenti avendo l\u2019avvertenza di non eccedere nel rapporto acqua\/detersivo per evitare di dover sciacquare il pavimento.<\/span><br \/>\n<span style=\"color: #ffffff;\">Aceto, succo di frutta (arancia, limone ecc.), vino e tanti altri alimenti che contengono sostanze acide (acido acetico, acido citrico ecc.) provocano il tipico alone opaco una volta cadute sul terrazzo. Detto per inciso che l\u2019effetto \u00e8 comune a tanti altri pavimenti, specialmente a base marmo, si pu\u00f2 intervenire sulla macchia semplicemente con della cera \u2014 meglio se in pasta \u2014 da strofinare con un panno una volta asciugata. Se il difetto permane si pu\u00f2 ripetere l\u2019operazione senza timore di danneggiare il pavimento. Nei casi pi\u00f9 ostinati \u00e8 preferibile richiedere l\u2019intervento del terrazziere.<\/span><br \/>\n<span style=\"color: #ffffff;\">Le macchie oleose tendono a sparire nel tempo: vengono infatti assorbite dal terrazzo in poche settimane. Eventualmente si possono usare con la dovuta attenzione solventi come il diluente nitro, l\u2019acetone, la benzina avio.<\/span><\/td>\n<\/tr>\n<\/tbody>\n<\/table>\n<p>[\/et_pb_text][\/et_pb_column][\/et_pb_row][\/et_pb_section]<\/p>\n","protected":false},"excerpt":{"rendered":"<p><div class=\"et_pb_row et_pb_row_0 et_pb_row_empty\">\n\t\t\t\t\n\t\t\t\t\n\t\t\t\t\n\t\t\t\t\n\t\t\t\t\n\t\t\t<\/div><div class=\"et_pb_row et_pb_row_1 et_pb_row_empty\">\n\t\t\t\t\n\t\t\t\t\n\t\t\t\t\n\t\t\t\t\n\t\t\t\t\n\t\t\t<\/div> \u00a0domande frequenti <div class=\"et_pb_row et_pb_row_2 et_pb_row_empty\">\n\t\t\t\t\n\t\t\t\t\n\t\t\t\t\n\t\t\t\t\n\t\t\t\t\n\t\t\t<\/div><div class=\"et_pb_row et_pb_row_3 et_pb_row_empty\">\n\t\t\t\t\n\t\t\t\t\n\t\t\t\t\n\t\t\t\t\n\t\t\t\t\n\t\t\t<\/div> Interpellando diverse ditte si riscontrano prezzi diversi, con differenze a volte consistenti. Come mai? Innanzitutto bisogna accertarsi che i prodotti confrontati siano completi di tutte le lavorazioni, dal massetto di sottofondo al trattamento a cera. Le regole per la costruzione del terrazzo sono descritte in modo chiaro e semplice nel\u00a0Manuale di [&hellip;]<\/p>\n","protected":false},"author":1,"featured_media":0,"parent":0,"menu_order":0,"comment_status":"open","ping_status":"open","template":"","meta":{"_et_pb_use_builder":"on","_et_pb_old_content":"","_et_gb_content_width":"","_exactmetrics_skip_tracking":false,"_exactmetrics_sitenote_active":false,"_exactmetrics_sitenote_note":"","_exactmetrics_sitenote_category":0,"_uf_show_specific_survey":0,"_uf_disable_surveys":false,"footnotes":""},"class_list":["post-704","page","type-page","status-publish","hentry"],"aioseo_notices":[],"_links":{"self":[{"href":"https:\/\/www.nardopavimenti.it\/wordpress\/wp-json\/wp\/v2\/pages\/704","targetHints":{"allow":["GET"]}}],"collection":[{"href":"https:\/\/www.nardopavimenti.it\/wordpress\/wp-json\/wp\/v2\/pages"}],"about":[{"href":"https:\/\/www.nardopavimenti.it\/wordpress\/wp-json\/wp\/v2\/types\/page"}],"author":[{"embeddable":true,"href":"https:\/\/www.nardopavimenti.it\/wordpress\/wp-json\/wp\/v2\/users\/1"}],"replies":[{"embeddable":true,"href":"https:\/\/www.nardopavimenti.it\/wordpress\/wp-json\/wp\/v2\/comments?post=704"}],"version-history":[{"count":18,"href":"https:\/\/www.nardopavimenti.it\/wordpress\/wp-json\/wp\/v2\/pages\/704\/revisions"}],"predecessor-version":[{"id":723,"href":"https:\/\/www.nardopavimenti.it\/wordpress\/wp-json\/wp\/v2\/pages\/704\/revisions\/723"}],"wp:attachment":[{"href":"https:\/\/www.nardopavimenti.it\/wordpress\/wp-json\/wp\/v2\/media?parent=704"}],"curies":[{"name":"wp","href":"https:\/\/api.w.org\/{rel}","templated":true}]}}