{"id":510,"date":"2014-11-24T20:34:50","date_gmt":"2014-11-24T19:34:50","guid":{"rendered":"http:\/\/www.nardopavimenti.it\/wordpress\/?page_id=510"},"modified":"2015-01-08T18:02:00","modified_gmt":"2015-01-08T17:02:00","slug":"da-lontano-e-da-vicino","status":"publish","type":"page","link":"https:\/\/www.nardopavimenti.it\/wordpress\/da-lontano-e-da-vicino\/","title":{"rendered":"da lontano e da vicino"},"content":{"rendered":"<p>[et_pb_section fullwidth=&#8221;off&#8221; specialty=&#8221;off&#8221; transparent_background=&#8221;off&#8221; background_color=&#8221;#504837&#8243; inner_shadow=&#8221;off&#8221; parallax=&#8221;off&#8221; parallax_method=&#8221;off&#8221; module_id=&#8221;ukpt_slider&#8221;][et_pb_row][et_pb_column type=&#8221;4_4&#8243;][et_pb_image admin_label=&#8221;Image&#8221; show_in_lightbox=&#8221;off&#8221; url_new_window=&#8221;off&#8221; animation=&#8221;off&#8221; sticky=&#8221;on&#8221; src=&#8221;https:\/\/www.nardopavimenti.it\/wordpress\/wp-content\/uploads\/2014\/11\/NardoFasciaSup.jpg&#8221; \/][\/et_pb_column][\/et_pb_row][\/et_pb_section][et_pb_section fullwidth=&#8221;on&#8221; specialty=&#8221;off&#8221;][et_pb_fullwidth_menu admin_label=&#8221;Fullwidth Menu&#8221; menu_id=&#8221;2&#8243; background_color=&#8221;#858074&#8243; background_layout=&#8221;light&#8221; text_orientation=&#8221;center&#8221; module_id=&#8221;medio&#8221; \/][\/et_pb_section][et_pb_section fullwidth=&#8221;off&#8221; specialty=&#8221;off&#8221; transparent_background=&#8221;off&#8221; background_color=&#8221;#504837&#8243; inner_shadow=&#8221;off&#8221; parallax=&#8221;off&#8221; parallax_method=&#8221;off&#8221; module_id=&#8221;titolo&#8221;][et_pb_row][et_pb_column type=&#8221;4_4&#8243;][et_pb_text admin_label=&#8221;Text&#8221; background_layout=&#8221;dark&#8221; text_orientation=&#8221;left&#8221; module_id=&#8221;titolo&#8221;]<\/p>\n<h1><em><strong><span style=\"color: #b48c6f;\">da\u00a0lontano e da vicino<\/span><\/strong><\/em><\/h1>\n<p>[\/et_pb_text][\/et_pb_column][\/et_pb_row][\/et_pb_section][et_pb_section fullwidth=&#8221;off&#8221; specialty=&#8221;off&#8221; transparent_background=&#8221;off&#8221; background_color=&#8221;#504837&#8243; inner_shadow=&#8221;off&#8221; parallax=&#8221;off&#8221; parallax_method=&#8221;off&#8221;][et_pb_row][et_pb_column type=&#8221;1_3&#8243;][et_pb_image admin_label=&#8221;Image&#8221; src=&#8221;https:\/\/www.nardopavimenti.it\/wordpress\/wp-content\/uploads\/2014\/11\/07_01.jpg&#8221; show_in_lightbox=&#8221;on&#8221; url=&#8221;https:\/\/www.nardopavimenti.it\/wordpress\/wp-content\/uploads\/2014\/10\/GG.jpg&#8221; url_new_window=&#8221;off&#8221; animation=&#8221;off&#8221; sticky=&#8221;on&#8221; \/][\/et_pb_column][et_pb_column type=&#8221;1_3&#8243;][et_pb_image admin_label=&#8221;Image&#8221; src=&#8221;https:\/\/www.nardopavimenti.it\/wordpress\/wp-content\/uploads\/2014\/11\/07_02.jpg&#8221; show_in_lightbox=&#8221;on&#8221; url_new_window=&#8221;off&#8221; animation=&#8221;off&#8221; sticky=&#8221;on&#8221; \/][\/et_pb_column][et_pb_column type=&#8221;1_3&#8243;][et_pb_image admin_label=&#8221;Image&#8221; src=&#8221;https:\/\/www.nardopavimenti.it\/wordpress\/wp-content\/uploads\/2014\/11\/07_03.jpg&#8221; show_in_lightbox=&#8221;on&#8221; url_new_window=&#8221;off&#8221; animation=&#8221;off&#8221; sticky=&#8221;on&#8221; \/][\/et_pb_column][\/et_pb_row][et_pb_row][et_pb_column type=&#8221;1_3&#8243;][et_pb_image admin_label=&#8221;Image&#8221; src=&#8221;https:\/\/www.nardopavimenti.it\/wordpress\/wp-content\/uploads\/2014\/11\/05_041.jpg&#8221; show_in_lightbox=&#8221;on&#8221; url=&#8221;https:\/\/www.nardopavimenti.it\/wordpress\/wp-content\/uploads\/2014\/10\/GG.jpg&#8221; url_new_window=&#8221;off&#8221; animation=&#8221;off&#8221; sticky=&#8221;on&#8221; \/][\/et_pb_column][et_pb_column type=&#8221;1_3&#8243;][et_pb_image admin_label=&#8221;Image&#8221; src=&#8221;https:\/\/www.nardopavimenti.it\/wordpress\/wp-content\/uploads\/2014\/11\/07_05.jpg&#8221; show_in_lightbox=&#8221;on&#8221; url_new_window=&#8221;off&#8221; animation=&#8221;off&#8221; sticky=&#8221;on&#8221; \/][\/et_pb_column][et_pb_column type=&#8221;1_3&#8243;][et_pb_image admin_label=&#8221;Image&#8221; src=&#8221;https:\/\/www.nardopavimenti.it\/wordpress\/wp-content\/uploads\/2014\/11\/07_06.jpg&#8221; show_in_lightbox=&#8221;on&#8221; url_new_window=&#8221;off&#8221; animation=&#8221;off&#8221; sticky=&#8221;on&#8221; \/][\/et_pb_column][\/et_pb_row][\/et_pb_section][et_pb_section fullwidth=&#8221;off&#8221; specialty=&#8221;off&#8221; transparent_background=&#8221;off&#8221; background_color=&#8221;#504837&#8243; inner_shadow=&#8221;off&#8221; parallax=&#8221;off&#8221; parallax_method=&#8221;off&#8221;][et_pb_row][et_pb_column type=&#8221;1_3&#8243;][et_pb_image admin_label=&#8221;Image&#8221; src=&#8221;https:\/\/www.nardopavimenti.it\/wordpress\/wp-content\/uploads\/2014\/11\/06_06.jpg&#8221; show_in_lightbox=&#8221;on&#8221; url_new_window=&#8221;off&#8221; animation=&#8221;off&#8221; sticky=&#8221;off&#8221; \/][\/et_pb_column][et_pb_column type=&#8221;2_3&#8243;][et_pb_text admin_label=&#8221;Text&#8221; background_layout=&#8221;dark&#8221; text_orientation=&#8221;left&#8221;]<\/p>\n<p style=\"text-align: justify;\">Non c\u2019\u00e8 dubbio che il valore di un terrazzo si coglie nella visione d\u2019assieme: nell\u2019<strong>omogeneit\u00e0<\/strong>\u00a0della semina, nella\u00a0<strong>corretta distribuzione dei colori<\/strong>\u00a0e delle\u00a0<strong>forme<\/strong>.<br \/>\nMa \u00e8 soprattutto nei\u00a0<strong>particolari<\/strong>\u00a0che si deve valutare la qualit\u00e0 e il valore dell\u2019opera: nella precisione di una fila di ciottoli di una cornice, o di una voluta di un disegno cos\u00ec come nella perfetta finitura di un angolo o di un raccordo con un altro materiale.<br \/>\nSe da lontano i terrazzi alla veneziana sembrano un po\u2019 tutti uguali, la differenza si nota nei particolari, nella visione ravvicinata: \u00e8 da questo punto di vista che si pu\u00f2 valutare la qualit\u00e0 del lavoro.<\/p>\n<p>[\/et_pb_text][\/et_pb_column][\/et_pb_row][\/et_pb_section][et_pb_section fullwidth=&#8221;off&#8221; specialty=&#8221;off&#8221; transparent_background=&#8221;off&#8221; background_color=&#8221;#504837&#8243; inner_shadow=&#8221;off&#8221; parallax=&#8221;off&#8221; parallax_method=&#8221;off&#8221; module_id=&#8221;esempi&#8221;][et_pb_row][et_pb_column type=&#8221;1_3&#8243;][et_pb_image admin_label=&#8221;Image&#8221; src=&#8221;https:\/\/www.nardopavimenti.it\/wordpress\/wp-content\/uploads\/2014\/11\/06_01.jpg&#8221; show_in_lightbox=&#8221;on&#8221; url_new_window=&#8221;off&#8221; animation=&#8221;off&#8221; sticky=&#8221;on&#8221; \/][\/et_pb_column][et_pb_column type=&#8221;1_3&#8243;][et_pb_image admin_label=&#8221;Image&#8221; src=&#8221;https:\/\/www.nardopavimenti.it\/wordpress\/wp-content\/uploads\/2014\/11\/06_02.jpg&#8221; show_in_lightbox=&#8221;on&#8221; url_new_window=&#8221;off&#8221; animation=&#8221;off&#8221; sticky=&#8221;on&#8221; \/][\/et_pb_column][et_pb_column type=&#8221;1_3&#8243;][et_pb_image admin_label=&#8221;Image&#8221; src=&#8221;https:\/\/www.nardopavimenti.it\/wordpress\/wp-content\/uploads\/2014\/11\/06_03.jpg&#8221; show_in_lightbox=&#8221;on&#8221; url_new_window=&#8221;off&#8221; animation=&#8221;off&#8221; sticky=&#8221;on&#8221; \/][\/et_pb_column][\/et_pb_row][et_pb_row][et_pb_column type=&#8221;1_3&#8243;][et_pb_image admin_label=&#8221;Image&#8221; src=&#8221;https:\/\/www.nardopavimenti.it\/wordpress\/wp-content\/uploads\/2014\/11\/06_04.jpg&#8221; show_in_lightbox=&#8221;on&#8221; url_new_window=&#8221;off&#8221; animation=&#8221;off&#8221; sticky=&#8221;on&#8221; \/][\/et_pb_column][et_pb_column type=&#8221;1_3&#8243;][et_pb_image admin_label=&#8221;Image&#8221; src=&#8221;https:\/\/www.nardopavimenti.it\/wordpress\/wp-content\/uploads\/2014\/11\/06_07.jpg&#8221; show_in_lightbox=&#8221;on&#8221; url_new_window=&#8221;off&#8221; animation=&#8221;off&#8221; sticky=&#8221;on&#8221; \/][\/et_pb_column][et_pb_column type=&#8221;1_3&#8243;][et_pb_image admin_label=&#8221;Image&#8221; src=&#8221;https:\/\/www.nardopavimenti.it\/wordpress\/wp-content\/uploads\/2014\/11\/06_05.jpg&#8221; show_in_lightbox=&#8221;on&#8221; url_new_window=&#8221;off&#8221; animation=&#8221;off&#8221; sticky=&#8221;on&#8221; \/][\/et_pb_column][\/et_pb_row][\/et_pb_section]<\/p>\n","protected":false},"excerpt":{"rendered":"<p><div class=\"et_pb_row et_pb_row_0 et_pb_row_empty\">\n\t\t\t\t\n\t\t\t\t\n\t\t\t\t\n\t\t\t\t\n\t\t\t\t\n\t\t\t<\/div><div class=\"et_pb_row et_pb_row_1 et_pb_row_empty\">\n\t\t\t\t\n\t\t\t\t\n\t\t\t\t\n\t\t\t\t\n\t\t\t\t\n\t\t\t<\/div> da\u00a0lontano e da vicino <div class=\"et_pb_row et_pb_row_2 et_pb_row_empty\">\n\t\t\t\t\n\t\t\t\t\n\t\t\t\t\n\t\t\t\t\n\t\t\t\t\n\t\t\t<\/div><div class=\"et_pb_row et_pb_row_3 et_pb_row_empty\">\n\t\t\t\t\n\t\t\t\t\n\t\t\t\t\n\t\t\t\t\n\t\t\t\t\n\t\t\t<\/div><div class=\"et_pb_row et_pb_row_4 et_pb_row_empty\">\n\t\t\t\t\n\t\t\t\t\n\t\t\t\t\n\t\t\t\t\n\t\t\t\t\n\t\t\t<\/div> Non c\u2019\u00e8 dubbio che il valore di un terrazzo si coglie nella visione d\u2019assieme: nell\u2019omogeneit\u00e0\u00a0della semina, nella\u00a0corretta distribuzione dei colori\u00a0e delle\u00a0forme. Ma \u00e8 soprattutto nei\u00a0particolari\u00a0che si deve valutare la qualit\u00e0 e il valore dell\u2019opera: nella precisione di una fila di ciottoli di una cornice, o di una voluta di [&hellip;]<\/p>\n","protected":false},"author":1,"featured_media":0,"parent":0,"menu_order":0,"comment_status":"open","ping_status":"open","template":"","meta":{"_et_pb_use_builder":"on","_et_pb_old_content":"","_et_gb_content_width":"","_exactmetrics_skip_tracking":false,"_exactmetrics_sitenote_active":false,"_exactmetrics_sitenote_note":"","_exactmetrics_sitenote_category":0,"_uf_show_specific_survey":0,"_uf_disable_surveys":false,"footnotes":""},"class_list":["post-510","page","type-page","status-publish","hentry"],"aioseo_notices":[],"_links":{"self":[{"href":"https:\/\/www.nardopavimenti.it\/wordpress\/wp-json\/wp\/v2\/pages\/510","targetHints":{"allow":["GET"]}}],"collection":[{"href":"https:\/\/www.nardopavimenti.it\/wordpress\/wp-json\/wp\/v2\/pages"}],"about":[{"href":"https:\/\/www.nardopavimenti.it\/wordpress\/wp-json\/wp\/v2\/types\/page"}],"author":[{"embeddable":true,"href":"https:\/\/www.nardopavimenti.it\/wordpress\/wp-json\/wp\/v2\/users\/1"}],"replies":[{"embeddable":true,"href":"https:\/\/www.nardopavimenti.it\/wordpress\/wp-json\/wp\/v2\/comments?post=510"}],"version-history":[{"count":25,"href":"https:\/\/www.nardopavimenti.it\/wordpress\/wp-json\/wp\/v2\/pages\/510\/revisions"}],"predecessor-version":[{"id":757,"href":"https:\/\/www.nardopavimenti.it\/wordpress\/wp-json\/wp\/v2\/pages\/510\/revisions\/757"}],"wp:attachment":[{"href":"https:\/\/www.nardopavimenti.it\/wordpress\/wp-json\/wp\/v2\/media?parent=510"}],"curies":[{"name":"wp","href":"https:\/\/api.w.org\/{rel}","templated":true}]}}